{"id":1,"date":"2010-02-26T13:48:59","date_gmt":"2010-02-26T11:48:59","guid":{"rendered":"http:\/\/localhost\/judo\/?p=1"},"modified":"2022-10-04T13:01:20","modified_gmt":"2022-10-04T11:01:20","slug":"code-moral-judo","status":"publish","type":"page","link":"http:\/\/artsmartiauxcompiegnois.fr\/?page_id=1","title":{"rendered":"Code Moral du Judo"},"content":{"rendered":"<h1 style=\"text-align: center;\"><em><strong><span style=\"font-size: small; color: #ff0000;\"> <span style=\"font-family: Verdana,Arial,Helvetica,sans-serif;\">Le Judo v\u00e9hicule des valeurs fondamentales qui s&rsquo;imbriquent les unes dans les autres pour \u00e9difier une formation morale. <\/span><\/span><\/strong><\/em><\/h1>\n<h1 style=\"text-align: center;\"><em><strong><span style=\"font-size: small; color: #ff0000;\"><span style=\"font-family: Verdana,Arial,Helvetica,sans-serif;\">Le respect de ce code est la condition premi\u00e8re, la base de la pratique du Judo<\/span><\/span><\/strong><\/em><\/h1>\n<p>&nbsp;<\/p>\n<h1 style=\"text-align: center;\">ATTITUDE AU DOJO<\/h1>\n<p style=\"text-align: center;\"><span style=\"color: #ff0000;\"><strong><em>Le dojo est un lieu d\u2019\u00e9tude, de travail et d\u2019\u00e9changes.<br \/>\nUne attitude empreinte de s\u00e9rieux et de respect est n\u00e9cessaire au progr\u00e8s.<br \/>\nTout judoka doit avoir pr\u00e9sent \u00e0 l\u2019esprit les recommandations suivantes qui conditionnent le bien-\u00eatre de chacun.<\/em><\/strong><\/span><\/p>\n<h2 style=\"text-align: center;\"><strong>L\u2019AMITI\u00c9 :<\/strong><\/h2>\n<p style=\"text-align: center;\"><span style=\"color: #0000ff;\"><em><strong>\u00ab C\u2019est le plus pur des sentiments humains \u00bb<\/strong><\/em><\/span><\/p>\n<h2 style=\"text-align: center;\"><strong>LE COURAGE:<\/strong><\/h2>\n<p style=\"text-align: center;\"><span style=\"color: #0000ff;\"><em><strong>\u00ab C\u2019est faire ce qui est juste\u00bb<\/strong><\/em><\/span><\/p>\n<h2 style=\"text-align: center;\"><strong>LA SINC\u00c9RIT\u00c9 :<\/strong><\/h2>\n<p style=\"text-align: center;\"><span style=\"color: #0000ff;\"><strong><em>\u00ab C\u2019est s\u2019exprimer sans d\u00e9guiser sa pens\u00e9e \u00bb<\/em><\/strong><\/span><\/p>\n<h2 style=\"text-align: center;\"><strong>L\u2019HONNEUR :<\/strong><\/h2>\n<p style=\"text-align: center;\"><span style=\"color: #0000ff;\"><strong><em>\u00ab C\u2019est \u00eatre fid\u00e8le \u00e0 la parole donn\u00e9e \u00bb<\/em><\/strong><\/span><\/p>\n<h2 style=\"text-align: center;\"><strong>LA MODESTIE :<\/strong><\/h2>\n<p style=\"text-align: center;\"><span style=\"color: #0000ff;\"><strong><em>\u00ab C\u2019est parler de soi-m\u00eame sans orgueil \u00bb<\/em><\/strong><\/span><\/p>\n<h2 style=\"text-align: center;\"><strong>LE RESPECT :<\/strong><\/h2>\n<p style=\"text-align: center;\"><span style=\"color: #0000ff;\"><strong><em>\u00ab Sans respect aucune confiance ne peut na\u00eetre \u00bb<\/em><\/strong><\/span><\/p>\n<h2 style=\"text-align: center;\"><strong>LE CONTR\u00d4LE DE SOI :<\/strong><\/h2>\n<p style=\"text-align: center;\"><strong><em><span style=\"color: #0000ff;\">\u00ab C\u2019est savoir se taire lorsque monte la col\u00e8re \u00bb<\/span><\/em><\/strong><\/p>\n<h2 style=\"text-align: center;\"><strong>RESPECT DES LIEUX :<\/strong><\/h2>\n<p class=\"code\" style=\"text-align: center;\"><span style=\"color: #0000ff;\"><strong>L\u2019arriv\u00e9e et le d\u00e9part du dojo sont marqu\u00e9s par le salut.<\/strong><\/span><br \/>\n<span style=\"color: #0000ff;\"><strong>Il convient de saluer chaque fois que l\u2019on monte ou descend du tatami.<\/strong><\/span><br \/>\n<span style=\"color: #0000ff;\"><strong>Le dojo sera laiss\u00e9 en ordre et dans le plus grand \u00e9tat de propret\u00e9 ( y compris les vestiaires et sanitaires ).<\/strong><\/span><\/p>\n<h2 style=\"text-align: center;\"><strong>RESPECT DES PERSONNES :<\/strong><\/h2>\n<p style=\"text-align: center;\"><span style=\"color: #0000ff;\"><em><strong>Au d\u00e9but et en fin de s\u00e9ance, \u00e9l\u00e8ves et professeurs se saluent (zarei).<\/strong><\/em><\/span><br \/>\n<span style=\"color: #0000ff;\"><em><strong>Ils saluent \u00e9galement le c\u00f4te kamiza ( place d\u2019honneur).<\/strong><\/em><\/span><br \/>\n<span style=\"color: #0000ff;\"><em><strong>Il faut saluer son partenaire avant chaque exercice.<\/strong><\/em><\/span><br \/>\n<span style=\"color: #0000ff;\"><em><strong>L\u2019autorisation du professeur est n\u00e9cessaire pour quitter le tatami.<\/strong><\/em><\/span><\/p>\n<h2 style=\"text-align: center;\"><strong>ENTRAIDE ET SOLIDARITE :<\/strong><\/h2>\n<p class=\"code\" style=\"text-align: center;\"><span style=\"color: #0000ff;\"><em><strong>Les plus grad\u00e9s ont le devoir de servir, d\u2019aider les moins avanc\u00e9s.<\/strong><\/em><\/span><br \/>\n<span style=\"color: #0000ff;\"><em><strong>Il convient d\u2019\u00e9couter leurs conseils avec attention.<\/strong><\/em><\/span><br \/>\n<span style=\"color: #0000ff;\"><em><strong>Il faut aider ses partenaires \u00e0 progresser et ne pas \u00eatre pour eux une cause de g\u00eane ou de d\u00e9sagr\u00e9ment.<\/strong><\/em><\/span><\/p>\n<h2 style=\"text-align: center;\"><strong>POLITESSE :<\/strong><\/h2>\n<p class=\"code\" style=\"text-align: center;\"><span style=\"color: #0000ff;\"><em><strong>Il est important de se comporter avec discr\u00e9tion et donc de ne pas parler \u00e0 haute voix.<\/strong><\/em><\/span><br \/>\n<span style=\"color: #0000ff;\"><em><strong>Lorsque l\u2019on ne pratique pas, il faut \u00eatre attentif \u00e0 l\u2019enseignement donn\u00e9.<\/strong><\/em><\/span><br \/>\n<span style=\"color: #0000ff;\"><em><strong>Il convient de ne se d\u00e9v\u00eatir que dans les vestiaires.<\/strong><\/em><\/span><\/p>\n<h2 style=\"text-align: center;\"><strong>PONCTUALITE ET ASSIDUITE :<\/strong><\/h2>\n<p class=\"code\" style=\"text-align: center;\"><span style=\"color: #0000ff;\"><em><strong>Il faut \u00eatre ponctuel et respecter les horaires de d\u00e9but et de fin de cours, si l\u2019on est en retard,<\/strong><\/em><\/span><br \/>\n<span style=\"color: #0000ff;\"><em><strong>il est courtois de s\u2019en excuser aupr\u00e8s du professeur et d\u2019attendre son accord avant de monter sur le tapis.<\/strong><\/em><\/span><br \/>\n<span style=\"color: #0000ff;\"><em><strong>La pers\u00e9v\u00e9rance et l\u2019assiduit\u00e9 sont n\u00e9cessaire \u00e0 tout progr\u00e8s s\u00e9rieux.<\/strong><\/em><\/span><\/p>\n<h2 style=\"text-align: center;\"><strong>HYGIENE :<\/strong><\/h2>\n<p class=\"code\" style=\"text-align: center;\"><span style=\"color: #0000ff;\"><em><strong>Avoir un corps et des v\u00eatements propres c\u2019est se respecter et respecter les autres.<\/strong><\/em><\/span><br \/>\n<span style=\"color: #0000ff;\"><em><strong>Les ongles doivent \u00eatre propres et coup\u00e9s courts.<\/strong><\/em><\/span><br \/>\n<span style=\"color: #0000ff;\"><em><strong>Il ne faut pas marcher pieds nus hors du tapis.<\/strong><\/em><\/span><br \/>\n<span style=\"color: #0000ff;\"><em><strong>Une bonne hygi\u00e8ne de vie est n\u00e9cessaire \u00e0 l\u2019harmonie de l\u2019\u00eatre humain.<\/strong><\/em><\/span><\/p>\n<h2 style=\"text-align: center;\"><strong>CONVIVIALITE AMITIE :<\/strong><\/h2>\n<p style=\"text-align: center;\"><span style=\"color: #0000ff;\"><em><strong>La courtoisie et la convivialit\u00e9 favorisent l\u2019\u00e9closion de liens amicaux privil\u00e9gi\u00e9s.<\/strong><\/em><\/span><br \/>\n<span style=\"color: #0000ff;\"><em><strong>Ce qui constitue un des buts du judo.<\/strong><\/em><\/span><\/p>\n<h1 style=\"text-align: center;\"><span style=\"color: #ff0000;\"><strong>Le judo est un jeu, il doit donc \u00eatre pratiqu\u00e9 dans la joie.<br \/>\nC\u2019est aussi une admirable \u00e9cole de vie.<\/strong><\/span><\/h1>\n<p>&nbsp;<\/p>\n<p>&nbsp;<\/p>\n","protected":false},"excerpt":{"rendered":"<p>Le Judo v\u00e9hicule des valeurs fondamentales qui s&rsquo;imbriquent les unes dans les autres pour \u00e9difier une formation morale. Le respect de ce code est la condition premi\u00e8re, la base de la pratique du Judo &nbsp; ATTITUDE AU DOJO Le dojo est un lieu d\u2019\u00e9tude, de travail et d\u2019\u00e9changes. Une attitude empreinte de s\u00e9rieux et de [&hellip;]<\/p>\n","protected":false},"author":1,"featured_media":0,"parent":389,"menu_order":3,"comment_status":"closed","ping_status":"closed","template":"","meta":[],"_links":{"self":[{"href":"http:\/\/artsmartiauxcompiegnois.fr\/index.php?rest_route=\/wp\/v2\/pages\/1"}],"collection":[{"href":"http:\/\/artsmartiauxcompiegnois.fr\/index.php?rest_route=\/wp\/v2\/pages"}],"about":[{"href":"http:\/\/artsmartiauxcompiegnois.fr\/index.php?rest_route=\/wp\/v2\/types\/page"}],"author":[{"embeddable":true,"href":"http:\/\/artsmartiauxcompiegnois.fr\/index.php?rest_route=\/wp\/v2\/users\/1"}],"replies":[{"embeddable":true,"href":"http:\/\/artsmartiauxcompiegnois.fr\/index.php?rest_route=%2Fwp%2Fv2%2Fcomments&post=1"}],"version-history":[{"count":5,"href":"http:\/\/artsmartiauxcompiegnois.fr\/index.php?rest_route=\/wp\/v2\/pages\/1\/revisions"}],"predecessor-version":[{"id":11414,"href":"http:\/\/artsmartiauxcompiegnois.fr\/index.php?rest_route=\/wp\/v2\/pages\/1\/revisions\/11414"}],"up":[{"embeddable":true,"href":"http:\/\/artsmartiauxcompiegnois.fr\/index.php?rest_route=\/wp\/v2\/pages\/389"}],"wp:attachment":[{"href":"http:\/\/artsmartiauxcompiegnois.fr\/index.php?rest_route=%2Fwp%2Fv2%2Fmedia&parent=1"}],"curies":[{"name":"wp","href":"https:\/\/api.w.org\/{rel}","templated":true}]}}