{"id":18,"date":"2010-03-13T15:57:52","date_gmt":"2010-03-13T14:57:52","guid":{"rendered":"http:\/\/localhost\/judo\/?p=18"},"modified":"2022-10-04T13:04:52","modified_gmt":"2022-10-04T11:04:52","slug":"nous-trouver","status":"publish","type":"page","link":"http:\/\/artsmartiauxcompiegnois.fr\/?page_id=18","title":{"rendered":"Nous trouver"},"content":{"rendered":"<p>Les diff\u00e9rentes disciplines sont pratiqu\u00e9es dans le <em>Gymnase Robida<sup>*<\/sup>,<\/em> situ\u00e9 \u00e0 proximit\u00e9 de la nouvelle polyclinique Saint-Come.<\/p>\n<p>&nbsp;<\/p>\n<p>1, rue Rouget de Lisle COMPIEGNE<\/p>\n<p>T\u00e9l. : 03.44.86.05.76<\/p>\n<p>E-mail : <a class=\"footer\" href=\"mailto:arts-martiaux-compiegne@wanadoo.fr\">arts-martiaux-compiegne@wanadoo.fr<\/a><\/p>\n<p>&nbsp;<\/p>\n<p>Visualiser le plan d&rsquo;acc\u00e8s avec<br \/>\n<iframe loading=\"lazy\" style=\"border: 0;\" src=\"https:\/\/www.google.com\/maps\/embed?pb=!1m14!1m8!1m3!1d2596.2734641028137!2d2.81141!3d49.40373399999999!3m2!1i1024!2i768!4f13.1!3m3!1m2!1s0x0000000000000000%3A0xf63515d9e7f30258!2sArts+Martiaux+Compi%C3%A8gnois!5e0!3m2!1sfr!2sfr!4v1417189595399\" width=\"600\" height=\"450\" frameborder=\"0\"><\/iframe><\/p>\n<p>&nbsp;<\/p>\n<p><strong>Permanences du Secr\u00e9tariat :<\/strong><\/p>\n<ul>\n<li>Du lundi au vendredi : 14h30 &#8211; 21h30<\/li>\n<li>Le samedi : 10h00 &#8211; 12h00 14h00 &#8211; 18h00<\/li>\n<\/ul>\n<p><a href=\"http:\/\/localhost\/judo\/wp-content\/uploads\/2010\/03\/robida3.jpg\"><img loading=\"lazy\" class=\"size-full wp-image-447 aligncenter\" src=\"http:\/\/localhost\/judo\/wp-content\/uploads\/2010\/03\/robida3.jpg\" alt=\"robida3\" width=\"500\" height=\"226\" srcset=\"http:\/\/artsmartiauxcompiegnois.fr\/wp-content\/uploads\/2010\/03\/robida3.jpg 500w, http:\/\/artsmartiauxcompiegnois.fr\/wp-content\/uploads\/2010\/03\/robida3-300x135.jpg 300w, http:\/\/artsmartiauxcompiegnois.fr\/wp-content\/uploads\/2010\/03\/robida3-178x80.jpg 178w\" sizes=\"(max-width: 500px) 100vw, 500px\" \/><\/a><\/p>\n<p><a href=\"http:\/\/localhost\/judo\/wp-content\/uploads\/2010\/03\/robida4.jpg\"><img loading=\"lazy\" class=\"size-full wp-image-448 aligncenter\" src=\"http:\/\/localhost\/judo\/wp-content\/uploads\/2010\/03\/robida4.jpg\" alt=\"robida4\" width=\"500\" height=\"203\" srcset=\"http:\/\/artsmartiauxcompiegnois.fr\/wp-content\/uploads\/2010\/03\/robida4.jpg 500w, http:\/\/artsmartiauxcompiegnois.fr\/wp-content\/uploads\/2010\/03\/robida4-300x121.jpg 300w, http:\/\/artsmartiauxcompiegnois.fr\/wp-content\/uploads\/2010\/03\/robida4-178x72.jpg 178w\" sizes=\"(max-width: 500px) 100vw, 500px\" \/><\/a><\/p>\n<p><sup>*<\/sup> <strong><a href=\"http:\/\/mapage.noos.fr\/shv2\/robida-bio.htm\">Albert Robida<\/a>, <\/strong>n\u00e9 \u00e0 Compi\u00e8gne le 14 mai 1848, \u00e9tait un c\u00e9l\u00e8bre dessinateur, lithographe, aquafortiste, caricaturiste, journaliste et romancier.<\/p>\n","protected":false},"excerpt":{"rendered":"<p>Les diff\u00e9rentes disciplines sont pratiqu\u00e9es dans le Gymnase Robida*, situ\u00e9 \u00e0 proximit\u00e9 de la nouvelle polyclinique Saint-Come. &nbsp; 1, rue Rouget de Lisle COMPIEGNE T\u00e9l. : 03.44.86.05.76 E-mail : arts-martiaux-compiegne@wanadoo.fr &nbsp; Visualiser le plan d&rsquo;acc\u00e8s avec &nbsp; Permanences du Secr\u00e9tariat : Du lundi au vendredi : 14h30 &#8211; 21h30 Le samedi : 10h00 &#8211; 12h00 [&hellip;]<\/p>\n","protected":false},"author":1,"featured_media":0,"parent":386,"menu_order":4,"comment_status":"closed","ping_status":"closed","template":"","meta":[],"_links":{"self":[{"href":"http:\/\/artsmartiauxcompiegnois.fr\/index.php?rest_route=\/wp\/v2\/pages\/18"}],"collection":[{"href":"http:\/\/artsmartiauxcompiegnois.fr\/index.php?rest_route=\/wp\/v2\/pages"}],"about":[{"href":"http:\/\/artsmartiauxcompiegnois.fr\/index.php?rest_route=\/wp\/v2\/types\/page"}],"author":[{"embeddable":true,"href":"http:\/\/artsmartiauxcompiegnois.fr\/index.php?rest_route=\/wp\/v2\/users\/1"}],"replies":[{"embeddable":true,"href":"http:\/\/artsmartiauxcompiegnois.fr\/index.php?rest_route=%2Fwp%2Fv2%2Fcomments&post=18"}],"version-history":[{"count":9,"href":"http:\/\/artsmartiauxcompiegnois.fr\/index.php?rest_route=\/wp\/v2\/pages\/18\/revisions"}],"predecessor-version":[{"id":3464,"href":"http:\/\/artsmartiauxcompiegnois.fr\/index.php?rest_route=\/wp\/v2\/pages\/18\/revisions\/3464"}],"up":[{"embeddable":true,"href":"http:\/\/artsmartiauxcompiegnois.fr\/index.php?rest_route=\/wp\/v2\/pages\/386"}],"wp:attachment":[{"href":"http:\/\/artsmartiauxcompiegnois.fr\/index.php?rest_route=%2Fwp%2Fv2%2Fmedia&parent=18"}],"curies":[{"name":"wp","href":"https:\/\/api.w.org\/{rel}","templated":true}]}}