{"id":20,"date":"2010-03-14T16:55:25","date_gmt":"2010-03-14T15:55:25","guid":{"rendered":"http:\/\/localhost\/judo\/?p=20"},"modified":"2022-10-04T13:04:01","modified_gmt":"2022-10-04T11:04:01","slug":"installations-club","status":"publish","type":"page","link":"http:\/\/artsmartiauxcompiegnois.fr\/?page_id=20","title":{"rendered":"Installations du Club des Arts Martiaux Compi\u00e9gnois"},"content":{"rendered":"<p>Le club dispose de deux salles dans lesquelles sont pratiqu\u00e9es les diff\u00e9rentes disciplines.<\/p>\n<p>&nbsp;<\/p>\n<p><img loading=\"lazy\" style=\"border: 0pt none;\" src=\"images\/stories\/salle1y.jpg\" alt=\"\" width=\"650\" height=\"420\" border=\"0\" \/><\/p>\n<p>La premi\u00e8re d&rsquo;une surface de 400 M<sup>2<\/sup> est exclusivement affect\u00e9e \u00e0 la pratique des arts martiaux. Elle est \u00e9quip\u00e9e de fa\u00e7on permanente de tatamis et de protections qui permettent de pratiquer les disciplines en toute s\u00e9curit\u00e9.<\/p>\n<p>&nbsp;<\/p>\n<p><img loading=\"lazy\" style=\"border: 0pt none;\" src=\"images\/stories\/salle2x.jpg\" alt=\"\" width=\"650\" height=\"432\" border=\"0\" \/><\/p>\n<p>La seconde d&rsquo;une surface de 800 M<sup>2<\/sup> est fr\u00e9quemment utilis\u00e9e par les ligues d\u00e9partementales et r\u00e9gionales pour les stages de masse.<\/p>\n<p><a href=\"http:\/\/artsmartiauxcompiegnois.fr\/wp-content\/uploads\/2010\/03\/20141001_191956.jpg\"><img loading=\"lazy\" class=\"alignnone wp-image-622 size-large\" src=\"http:\/\/artsmartiauxcompiegnois.fr\/wp-content\/uploads\/2010\/03\/20141001_191956-1024x576.jpg\" alt=\"20141001_191956\" width=\"960\" height=\"540\" srcset=\"http:\/\/artsmartiauxcompiegnois.fr\/wp-content\/uploads\/2010\/03\/20141001_191956-1024x576.jpg 1024w, http:\/\/artsmartiauxcompiegnois.fr\/wp-content\/uploads\/2010\/03\/20141001_191956-300x168.jpg 300w, http:\/\/artsmartiauxcompiegnois.fr\/wp-content\/uploads\/2010\/03\/20141001_191956-178x100.jpg 178w\" sizes=\"(max-width: 960px) 100vw, 960px\" \/><\/a><\/p>\n<p>&nbsp;<\/p>\n<p><a href=\"http:\/\/artsmartiauxcompiegnois.fr\/wp-content\/uploads\/2010\/03\/20141001_192431.jpg\"><img loading=\"lazy\" class=\"alignnone wp-image-624 size-large\" src=\"http:\/\/artsmartiauxcompiegnois.fr\/wp-content\/uploads\/2010\/03\/20141001_192431-1024x576.jpg\" alt=\"20141001_192431\" width=\"960\" height=\"540\" srcset=\"http:\/\/artsmartiauxcompiegnois.fr\/wp-content\/uploads\/2010\/03\/20141001_192431-1024x576.jpg 1024w, http:\/\/artsmartiauxcompiegnois.fr\/wp-content\/uploads\/2010\/03\/20141001_192431-300x168.jpg 300w, http:\/\/artsmartiauxcompiegnois.fr\/wp-content\/uploads\/2010\/03\/20141001_192431-178x100.jpg 178w\" sizes=\"(max-width: 960px) 100vw, 960px\" \/><\/a><\/p>\n<p>&nbsp;<\/p>\n<p>Les 4 vestiaires sont \u00e9quip\u00e9s de douches.<\/p>\n<p>Les \u00e9quipements de la section musculation sont librement accessibles aux comp\u00e9titeurs, avec l&rsquo;accord de l&rsquo;entra\u00eeneur.<\/p>\n<p>Le sauna accessible \u00e0 tous permet de se relaxer apr\u00e8s l&rsquo;entrainement.<\/p>\n<p>&nbsp;<\/p>\n","protected":false},"excerpt":{"rendered":"<p>Le club dispose de deux salles dans lesquelles sont pratiqu\u00e9es les diff\u00e9rentes disciplines. &nbsp; La premi\u00e8re d&rsquo;une surface de 400 M2 est exclusivement affect\u00e9e \u00e0 la pratique des arts martiaux. Elle est \u00e9quip\u00e9e de fa\u00e7on permanente de tatamis et de protections qui permettent de pratiquer les disciplines en toute s\u00e9curit\u00e9. &nbsp; La seconde d&rsquo;une surface [&hellip;]<\/p>\n","protected":false},"author":1,"featured_media":0,"parent":386,"menu_order":3,"comment_status":"closed","ping_status":"closed","template":"","meta":[],"_links":{"self":[{"href":"http:\/\/artsmartiauxcompiegnois.fr\/index.php?rest_route=\/wp\/v2\/pages\/20"}],"collection":[{"href":"http:\/\/artsmartiauxcompiegnois.fr\/index.php?rest_route=\/wp\/v2\/pages"}],"about":[{"href":"http:\/\/artsmartiauxcompiegnois.fr\/index.php?rest_route=\/wp\/v2\/types\/page"}],"author":[{"embeddable":true,"href":"http:\/\/artsmartiauxcompiegnois.fr\/index.php?rest_route=\/wp\/v2\/users\/1"}],"replies":[{"embeddable":true,"href":"http:\/\/artsmartiauxcompiegnois.fr\/index.php?rest_route=%2Fwp%2Fv2%2Fcomments&post=20"}],"version-history":[{"count":8,"href":"http:\/\/artsmartiauxcompiegnois.fr\/index.php?rest_route=\/wp\/v2\/pages\/20\/revisions"}],"predecessor-version":[{"id":680,"href":"http:\/\/artsmartiauxcompiegnois.fr\/index.php?rest_route=\/wp\/v2\/pages\/20\/revisions\/680"}],"up":[{"embeddable":true,"href":"http:\/\/artsmartiauxcompiegnois.fr\/index.php?rest_route=\/wp\/v2\/pages\/386"}],"wp:attachment":[{"href":"http:\/\/artsmartiauxcompiegnois.fr\/index.php?rest_route=%2Fwp%2Fv2%2Fmedia&parent=20"}],"curies":[{"name":"wp","href":"https:\/\/api.w.org\/{rel}","templated":true}]}}