{"id":3,"date":"2010-02-26T15:26:29","date_gmt":"2010-02-26T13:26:29","guid":{"rendered":"http:\/\/localhost\/judo\/?p=3"},"modified":"2023-12-12T15:55:50","modified_gmt":"2023-12-12T13:55:50","slug":"accueil-judo","status":"publish","type":"page","link":"http:\/\/artsmartiauxcompiegnois.fr\/?page_id=3","title":{"rendered":"Accueil"},"content":{"rendered":"<h1 style=\"text-align: center;\">Un sport reconnu d\u2019utilit\u00e9 publique par l\u2019Etat :<\/h1>\n<h1 style=\"text-align: center;\">sport \u00e9ducatif, sport de d\u00e9fense, le Judo est adapt\u00e9 \u00e0 toutes les tranches d\u2019\u00e2ge.<\/h1>\n<p style=\"text-align: justify;\">V\u00e9ritable \u00e9cole de vie, il permet \u00e0 chacun de devenir plus adroit, plus souple, plus fort mais aussi d\u2019apprendre \u00e0 respecter des r\u00e8gles, d\u00e9couvrir l\u2019entraide, \u00e9valuer ses forces et ses faiblesses pour progresser.<\/p>\n<p style=\"text-align: justify;\">Le Judo est un sport pour tous qui procure un v\u00e9ritable \u00e9quilibre. Activit\u00e9 de d\u00e9tente et de plaisir, c\u2019est une discipline bas\u00e9e sur l\u2019\u00e9change et la progression.<br \/>\nL\u2019apprentissage se fait de mani\u00e8re progressive en fonction des aptitudes de l\u2019individu, ce qui permet \u00e0 chacun d\u2019\u00e9voluer \u00e0 son rythme.<\/p>\n<h1 style=\"text-align: center;\">Le <strong><a href=\"http:\/\/fr.wikipedia.org\/wiki\/Judo\">judo<\/a><\/strong> (\u67d4\u9053, j\u016bd\u014d, \u00ab voie de la souplesse \u00bb)<img src=\"images\/stories\/judo-kanji.jpg\" alt=\"\" border=\"0\" \/><\/h1>\n<p>est un art martial et un sport de combat d&rsquo;origine japonaise (budo), fond\u00e9 par <a href=\"http:\/\/fr.wikipedia.org\/wiki\/Jigor%C5%8D_Kan%C5%8D\">Jigoro Kano<\/a> en 1882. Il se compose pour l&rsquo;essentiel de techniques de projection, de contr\u00f4le au sol, d&rsquo;\u00e9tranglements et de clefs.<\/p>\n<p style=\"text-align: justify;\">Le lieu o\u00f9 l&rsquo;on pratique le judo s&rsquo;appelle le d\u014dj\u014d (lieu d&rsquo;\u00e9tude de la voie). Les pratiquants (les judoka) portent une tenue en coton renforc\u00e9 appel\u00e9e judogi, souvent appel\u00e9e \u00e0 tort kimono, qui est le nom g\u00e9n\u00e9rique de la tenue traditionnelle japonaise.<\/p>\n<p style=\"text-align: justify;\">Le judogi est g\u00e9n\u00e9ralement blanc, mais pour faciliter la distinction entre les combattants dans les comp\u00e9titions, l&rsquo;un des deux judokas peut rev\u00eatir un judogi bleu pour les comp\u00e9titions \u00e0 partir du niveau national (pour les niveaux inf\u00e9rieurs, la distinction se fait \u00e0 l&rsquo;aide de ceinture rouge ou blanche). Le judo se pratique pieds nus.<\/p>\n<p>&nbsp;<\/p>\n<h2>Le judo est enseign\u00e9 par Marina et Damiens,<\/h2>\n<p>d\u00e8s l&rsquo;\u00e2ge de 3 ans, dans la section baby judo, jusqu&rsquo;\u00e0 5 ans.\u00a0A partir de 5 ans les enfants int\u00e8grent les cours de judo par tranches d&rsquo;\u00e2ges : 5 \u00e0 6 ans &#8211; 7 \u00e0 10 ans &#8211; 11 \u00e0 15 ans.\u00a0Les plus de 15 ans entrent dans le groupe Adultes<\/p>\n<p>&nbsp;<\/p>\n<p>&nbsp;<\/p>\n<p style=\"text-align: center;\"><iframe loading=\"lazy\" src=\"https:\/\/www.youtube.com\/embed\/fZ2p8PINTcA\" width=\"560\" height=\"315\" frameborder=\"0\" allowfullscreen=\"allowfullscreen\"><\/iframe><\/p>\n<p style=\"text-align: center;\">Le champion Olympique TEDDY RINER<\/p>\n","protected":false},"excerpt":{"rendered":"<p>Un sport reconnu d\u2019utilit\u00e9 publique par l\u2019Etat : sport \u00e9ducatif, sport de d\u00e9fense, le Judo est adapt\u00e9 \u00e0 toutes les tranches d\u2019\u00e2ge. V\u00e9ritable \u00e9cole de vie, il permet \u00e0 chacun de devenir plus adroit, plus souple, plus fort mais aussi d\u2019apprendre \u00e0 respecter des r\u00e8gles, d\u00e9couvrir l\u2019entraide, \u00e9valuer ses forces et ses faiblesses pour progresser. [&hellip;]<\/p>\n","protected":false},"author":1,"featured_media":0,"parent":389,"menu_order":2,"comment_status":"closed","ping_status":"closed","template":"","meta":[],"_links":{"self":[{"href":"http:\/\/artsmartiauxcompiegnois.fr\/index.php?rest_route=\/wp\/v2\/pages\/3"}],"collection":[{"href":"http:\/\/artsmartiauxcompiegnois.fr\/index.php?rest_route=\/wp\/v2\/pages"}],"about":[{"href":"http:\/\/artsmartiauxcompiegnois.fr\/index.php?rest_route=\/wp\/v2\/types\/page"}],"author":[{"embeddable":true,"href":"http:\/\/artsmartiauxcompiegnois.fr\/index.php?rest_route=\/wp\/v2\/users\/1"}],"replies":[{"embeddable":true,"href":"http:\/\/artsmartiauxcompiegnois.fr\/index.php?rest_route=%2Fwp%2Fv2%2Fcomments&post=3"}],"version-history":[{"count":24,"href":"http:\/\/artsmartiauxcompiegnois.fr\/index.php?rest_route=\/wp\/v2\/pages\/3\/revisions"}],"predecessor-version":[{"id":11914,"href":"http:\/\/artsmartiauxcompiegnois.fr\/index.php?rest_route=\/wp\/v2\/pages\/3\/revisions\/11914"}],"up":[{"embeddable":true,"href":"http:\/\/artsmartiauxcompiegnois.fr\/index.php?rest_route=\/wp\/v2\/pages\/389"}],"wp:attachment":[{"href":"http:\/\/artsmartiauxcompiegnois.fr\/index.php?rest_route=%2Fwp%2Fv2%2Fmedia&parent=3"}],"curies":[{"name":"wp","href":"https:\/\/api.w.org\/{rel}","templated":true}]}}