{"id":3642,"date":"2016-08-26T13:11:53","date_gmt":"2016-08-26T11:11:53","guid":{"rendered":"http:\/\/artsmartiauxcompiegnois.fr\/?page_id=3642"},"modified":"2023-10-12T12:25:33","modified_gmt":"2023-10-12T10:25:33","slug":"fiche-dinscription","status":"publish","type":"page","link":"http:\/\/artsmartiauxcompiegnois.fr\/?page_id=3642","title":{"rendered":"FICHE D&rsquo;INSCRIPTION"},"content":{"rendered":"<p style=\"text-align: center;\">Veuillez trouver ci-joint notre feuille d\u2019inscription<\/p>\n<p style=\"text-align: center;\">En format PDF :\u00a0<a href=\"https:\/\/www.docdroid.net\/benLGlb\/fiche-inscription-2023-2024-pdf\">Fiche d\u2019inscription vierge<\/a><\/p>\n<p style=\"text-align: center;\">&amp;<\/p>\n<p style=\"text-align: center;\">Rappel pour dossier d\u2019inscription complet.<\/p>\n<p style=\"text-align: center;\">Fiche d\u2019inscription<\/p>\n<p style=\"text-align: center;\">1 photo d\u2019identit\u00e9<\/p>\n<p style=\"text-align: center;\">Certificat m\u00e9dical de moins de 3 mois \/ d\u00e9claration de bonne sant\u00e9<\/p>\n<p style=\"text-align: center;\">R\u00e8glement de la cotisation<\/p>\n","protected":false},"excerpt":{"rendered":"<p>Veuillez trouver ci-joint notre feuille d\u2019inscription En format PDF :\u00a0Fiche d\u2019inscription vierge &amp; Rappel pour dossier d\u2019inscription complet. Fiche d\u2019inscription 1 photo d\u2019identit\u00e9 Certificat m\u00e9dical de moins de 3 mois \/ d\u00e9claration de bonne sant\u00e9 R\u00e8glement de la cotisation<\/p>\n","protected":false},"author":1,"featured_media":3522,"parent":386,"menu_order":1,"comment_status":"closed","ping_status":"closed","template":"","meta":[],"_links":{"self":[{"href":"http:\/\/artsmartiauxcompiegnois.fr\/index.php?rest_route=\/wp\/v2\/pages\/3642"}],"collection":[{"href":"http:\/\/artsmartiauxcompiegnois.fr\/index.php?rest_route=\/wp\/v2\/pages"}],"about":[{"href":"http:\/\/artsmartiauxcompiegnois.fr\/index.php?rest_route=\/wp\/v2\/types\/page"}],"author":[{"embeddable":true,"href":"http:\/\/artsmartiauxcompiegnois.fr\/index.php?rest_route=\/wp\/v2\/users\/1"}],"replies":[{"embeddable":true,"href":"http:\/\/artsmartiauxcompiegnois.fr\/index.php?rest_route=%2Fwp%2Fv2%2Fcomments&post=3642"}],"version-history":[{"count":8,"href":"http:\/\/artsmartiauxcompiegnois.fr\/index.php?rest_route=\/wp\/v2\/pages\/3642\/revisions"}],"predecessor-version":[{"id":11853,"href":"http:\/\/artsmartiauxcompiegnois.fr\/index.php?rest_route=\/wp\/v2\/pages\/3642\/revisions\/11853"}],"up":[{"embeddable":true,"href":"http:\/\/artsmartiauxcompiegnois.fr\/index.php?rest_route=\/wp\/v2\/pages\/386"}],"wp:featuredmedia":[{"embeddable":true,"href":"http:\/\/artsmartiauxcompiegnois.fr\/index.php?rest_route=\/wp\/v2\/media\/3522"}],"wp:attachment":[{"href":"http:\/\/artsmartiauxcompiegnois.fr\/index.php?rest_route=%2Fwp%2Fv2%2Fmedia&parent=3642"}],"curies":[{"name":"wp","href":"https:\/\/api.w.org\/{rel}","templated":true}]}}