{"id":40,"date":"2010-03-11T15:49:29","date_gmt":"2010-03-11T14:49:29","guid":{"rendered":"http:\/\/localhost\/judo\/?p=40"},"modified":"2023-12-12T16:22:52","modified_gmt":"2023-12-12T14:22:52","slug":"accueil-2","status":"publish","type":"page","link":"http:\/\/artsmartiauxcompiegnois.fr\/?page_id=40","title":{"rendered":"Accueil"},"content":{"rendered":"<p><img loading=\"lazy\" class=\"aligncenter\" style=\"border: 0pt none;\" src=\"images\/stories\/MuscuOK.jpg\" alt=\"\" width=\"598\" height=\"23\" border=\"0\" \/><\/p>\n<p>&nbsp;<\/p>\n<p>La <strong>musculation<\/strong> est une activit\u00e9 sportive visant \u00e0 d\u00e9velopper la force musculaire en augmentant la masse des muscles par un effort physique r\u00e9p\u00e9t\u00e9 ainsi que l&rsquo;endurance.<\/p>\n<p>Cette activit\u00e9, principal moteur du culturisme et discipline connexe \u00e0 l&rsquo;halt\u00e9rophilie, n\u00e9cessite un entra\u00eenement r\u00e9gulier \u00e0 l&rsquo;aide de machines ou par des exercices pr\u00e9cis.<\/p>\n<p>&nbsp;<\/p>\n<h1 style=\"text-align: center;\"><span style=\"color: #ff0000;\">Horaire de la salle de musculation<\/span><\/h1>\n<h3 style=\"text-align: center;\"><strong>Du lundi au vendredi aux heures d&rsquo;ouverture du secr\u00e9tariat<\/strong><\/h3>\n<h3 style=\"text-align: center;\"><strong>Samedi de 10h00 \u00e0 12h00<\/strong><\/h3>\n<p>&nbsp;<\/p>\n<p>&nbsp;<\/p>\n<p><span style=\"font-size: large;\"><em><strong>Activit\u00e9 r\u00e9serv\u00e9e aux plus de 16 ans<\/strong><\/em><\/span><\/p>\n<p>&nbsp;<\/p>\n<p>&nbsp;<\/p>\n<p><a href=\"http:\/\/artsmartiauxcompiegnois.fr\/wp-content\/uploads\/2015\/02\/2015-02-08-10.24.54.jpg\"><img loading=\"lazy\" class=\" wp-image-1231 aligncenter\" src=\"http:\/\/artsmartiauxcompiegnois.fr\/wp-content\/uploads\/2015\/02\/2015-02-08-10.24.54.jpg\" alt=\"2015-02-08 10.24.54\" width=\"473\" height=\"354\" srcset=\"http:\/\/artsmartiauxcompiegnois.fr\/wp-content\/uploads\/2015\/02\/2015-02-08-10.24.54.jpg 2048w, http:\/\/artsmartiauxcompiegnois.fr\/wp-content\/uploads\/2015\/02\/2015-02-08-10.24.54-300x225.jpg 300w, http:\/\/artsmartiauxcompiegnois.fr\/wp-content\/uploads\/2015\/02\/2015-02-08-10.24.54-1024x768.jpg 1024w, http:\/\/artsmartiauxcompiegnois.fr\/wp-content\/uploads\/2015\/02\/2015-02-08-10.24.54-178x133.jpg 178w\" sizes=\"(max-width: 473px) 100vw, 473px\" \/><\/a> <a href=\"http:\/\/artsmartiauxcompiegnois.fr\/wp-content\/uploads\/2015\/02\/2015-02-08-10.23.43.jpg\"><img loading=\"lazy\" class=\"wp-image-1230 aligncenter\" src=\"http:\/\/artsmartiauxcompiegnois.fr\/wp-content\/uploads\/2015\/02\/2015-02-08-10.23.43.jpg\" alt=\"2015-02-08 10.23.43\" width=\"475\" height=\"356\" srcset=\"http:\/\/artsmartiauxcompiegnois.fr\/wp-content\/uploads\/2015\/02\/2015-02-08-10.23.43.jpg 2048w, http:\/\/artsmartiauxcompiegnois.fr\/wp-content\/uploads\/2015\/02\/2015-02-08-10.23.43-300x225.jpg 300w, http:\/\/artsmartiauxcompiegnois.fr\/wp-content\/uploads\/2015\/02\/2015-02-08-10.23.43-1024x768.jpg 1024w, http:\/\/artsmartiauxcompiegnois.fr\/wp-content\/uploads\/2015\/02\/2015-02-08-10.23.43-178x133.jpg 178w\" sizes=\"(max-width: 475px) 100vw, 475px\" \/><\/a> <a href=\"http:\/\/artsmartiauxcompiegnois.fr\/wp-content\/uploads\/2015\/02\/2015-02-08-10.12.33.jpg\"><img loading=\"lazy\" class=\"wp-image-1227 aligncenter\" src=\"http:\/\/artsmartiauxcompiegnois.fr\/wp-content\/uploads\/2015\/02\/2015-02-08-10.12.33.jpg\" alt=\"2015-02-08 10.12.33\" width=\"479\" height=\"359\" srcset=\"http:\/\/artsmartiauxcompiegnois.fr\/wp-content\/uploads\/2015\/02\/2015-02-08-10.12.33.jpg 2048w, http:\/\/artsmartiauxcompiegnois.fr\/wp-content\/uploads\/2015\/02\/2015-02-08-10.12.33-300x225.jpg 300w, http:\/\/artsmartiauxcompiegnois.fr\/wp-content\/uploads\/2015\/02\/2015-02-08-10.12.33-1024x768.jpg 1024w, http:\/\/artsmartiauxcompiegnois.fr\/wp-content\/uploads\/2015\/02\/2015-02-08-10.12.33-178x133.jpg 178w\" sizes=\"(max-width: 479px) 100vw, 479px\" \/><\/a> <a href=\"http:\/\/artsmartiauxcompiegnois.fr\/wp-content\/uploads\/2015\/02\/2015-02-08-10.23.43-1.jpg\"><img loading=\"lazy\" class=\"wp-image-1225 aligncenter\" src=\"http:\/\/artsmartiauxcompiegnois.fr\/wp-content\/uploads\/2015\/02\/2015-02-08-10.23.43-1.jpg\" alt=\"2015-02-08 10.23.43 (1)\" width=\"478\" height=\"358\" srcset=\"http:\/\/artsmartiauxcompiegnois.fr\/wp-content\/uploads\/2015\/02\/2015-02-08-10.23.43-1.jpg 2048w, http:\/\/artsmartiauxcompiegnois.fr\/wp-content\/uploads\/2015\/02\/2015-02-08-10.23.43-1-300x225.jpg 300w, http:\/\/artsmartiauxcompiegnois.fr\/wp-content\/uploads\/2015\/02\/2015-02-08-10.23.43-1-1024x768.jpg 1024w, http:\/\/artsmartiauxcompiegnois.fr\/wp-content\/uploads\/2015\/02\/2015-02-08-10.23.43-1-178x133.jpg 178w\" sizes=\"(max-width: 478px) 100vw, 478px\" \/><\/a><\/p>\n","protected":false},"excerpt":{"rendered":"<p>&nbsp; La musculation est une activit\u00e9 sportive visant \u00e0 d\u00e9velopper la force musculaire en augmentant la masse des muscles par un effort physique r\u00e9p\u00e9t\u00e9 ainsi que l&rsquo;endurance. Cette activit\u00e9, principal moteur du culturisme et discipline connexe \u00e0 l&rsquo;halt\u00e9rophilie, n\u00e9cessite un entra\u00eenement r\u00e9gulier \u00e0 l&rsquo;aide de machines ou par des exercices pr\u00e9cis. &nbsp; Horaire de la [&hellip;]<\/p>\n","protected":false},"author":1,"featured_media":0,"parent":401,"menu_order":1,"comment_status":"closed","ping_status":"closed","template":"","meta":[],"_links":{"self":[{"href":"http:\/\/artsmartiauxcompiegnois.fr\/index.php?rest_route=\/wp\/v2\/pages\/40"}],"collection":[{"href":"http:\/\/artsmartiauxcompiegnois.fr\/index.php?rest_route=\/wp\/v2\/pages"}],"about":[{"href":"http:\/\/artsmartiauxcompiegnois.fr\/index.php?rest_route=\/wp\/v2\/types\/page"}],"author":[{"embeddable":true,"href":"http:\/\/artsmartiauxcompiegnois.fr\/index.php?rest_route=\/wp\/v2\/users\/1"}],"replies":[{"embeddable":true,"href":"http:\/\/artsmartiauxcompiegnois.fr\/index.php?rest_route=%2Fwp%2Fv2%2Fcomments&post=40"}],"version-history":[{"count":14,"href":"http:\/\/artsmartiauxcompiegnois.fr\/index.php?rest_route=\/wp\/v2\/pages\/40\/revisions"}],"predecessor-version":[{"id":11924,"href":"http:\/\/artsmartiauxcompiegnois.fr\/index.php?rest_route=\/wp\/v2\/pages\/40\/revisions\/11924"}],"up":[{"embeddable":true,"href":"http:\/\/artsmartiauxcompiegnois.fr\/index.php?rest_route=\/wp\/v2\/pages\/401"}],"wp:attachment":[{"href":"http:\/\/artsmartiauxcompiegnois.fr\/index.php?rest_route=%2Fwp%2Fv2%2Fmedia&parent=40"}],"curies":[{"name":"wp","href":"https:\/\/api.w.org\/{rel}","templated":true}]}}