{"id":5313,"date":"2018-03-10T16:10:41","date_gmt":"2018-03-10T14:10:41","guid":{"rendered":"http:\/\/artsmartiauxcompiegnois.fr\/?page_id=5313"},"modified":"2018-05-18T17:38:35","modified_gmt":"2018-05-18T15:38:35","slug":"informations-legales","status":"publish","type":"page","link":"http:\/\/artsmartiauxcompiegnois.fr\/?page_id=5313","title":{"rendered":"INFORMATIONS LEGALES"},"content":{"rendered":"<table>\n<tbody>\n<tr>\n<th><a href=\"http:\/\/artsmartiauxcompiegnois.fr\/wp-content\/uploads\/2017\/02\/amc_logo1.png\"><img loading=\"lazy\" class=\"wp-image-3856 alignleft\" src=\"http:\/\/artsmartiauxcompiegnois.fr\/wp-content\/uploads\/2017\/02\/amc_logo1.png\" alt=\"AMC\" width=\"268\" height=\"253\" srcset=\"http:\/\/artsmartiauxcompiegnois.fr\/wp-content\/uploads\/2017\/02\/amc_logo1.png 1000w, http:\/\/artsmartiauxcompiegnois.fr\/wp-content\/uploads\/2017\/02\/amc_logo1-300x283.png 300w, http:\/\/artsmartiauxcompiegnois.fr\/wp-content\/uploads\/2017\/02\/amc_logo1-768x724.png 768w, http:\/\/artsmartiauxcompiegnois.fr\/wp-content\/uploads\/2017\/02\/amc_logo1-178x168.png 178w\" sizes=\"(max-width: 268px) 100vw, 268px\" \/><\/a><\/th>\n<th><a href=\"http:\/\/artsmartiauxcompiegnois.fr\/wp-content\/uploads\/2017\/02\/amc_logo1.png\">LES ARTS MARTIAUX COMPIEGNOIS<\/a><\/p>\n<p><a href=\"http:\/\/artsmartiauxcompiegnois.fr\/wp-content\/uploads\/2017\/02\/amc_logo1.png\">1 Rue Rouget de Lisle &#8211; 60200 Compi\u00e8gne.<\/a><\/p>\n<p>SIRET : 324 227 461 00021<br \/>\nAPE : 926 CG<br \/>\nD\u00e9clar\u00e9e \u00e0 la SP de Compi\u00e8gne n\u00b0 1703 le 05\/19\/1972<br \/>\nAgr\u00e9ment n\u00b0 6078-13 du 02\/09\/1978<br \/>\nURSSAF : 60270102987141<br \/>\nAFFILIE FFJDA : 24 60 183 0<br \/>\nAFFILIE FFKAMA : 0600015<br \/>\nAFFILIE FFFCDA : 356<br \/>\nMembre de l&rsquo;OSARC<\/th>\n<\/tr>\n<\/tbody>\n<\/table>\n","protected":false},"excerpt":{"rendered":"<p>LES ARTS MARTIAUX COMPIEGNOIS 1 Rue Rouget de Lisle &#8211; 60200 Compi\u00e8gne. SIRET : 324 227 461 00021 APE : 926 CG D\u00e9clar\u00e9e \u00e0 la SP de Compi\u00e8gne n\u00b0 1703 le 05\/19\/1972 Agr\u00e9ment n\u00b0 6078-13 du 02\/09\/1978 URSSAF : 60270102987141 AFFILIE FFJDA : 24 60 183 0 AFFILIE FFKAMA : 0600015 AFFILIE FFFCDA : 356 [&hellip;]<\/p>\n","protected":false},"author":1,"featured_media":0,"parent":0,"menu_order":0,"comment_status":"closed","ping_status":"closed","template":"","meta":[],"_links":{"self":[{"href":"http:\/\/artsmartiauxcompiegnois.fr\/index.php?rest_route=\/wp\/v2\/pages\/5313"}],"collection":[{"href":"http:\/\/artsmartiauxcompiegnois.fr\/index.php?rest_route=\/wp\/v2\/pages"}],"about":[{"href":"http:\/\/artsmartiauxcompiegnois.fr\/index.php?rest_route=\/wp\/v2\/types\/page"}],"author":[{"embeddable":true,"href":"http:\/\/artsmartiauxcompiegnois.fr\/index.php?rest_route=\/wp\/v2\/users\/1"}],"replies":[{"embeddable":true,"href":"http:\/\/artsmartiauxcompiegnois.fr\/index.php?rest_route=%2Fwp%2Fv2%2Fcomments&post=5313"}],"version-history":[{"count":4,"href":"http:\/\/artsmartiauxcompiegnois.fr\/index.php?rest_route=\/wp\/v2\/pages\/5313\/revisions"}],"predecessor-version":[{"id":6149,"href":"http:\/\/artsmartiauxcompiegnois.fr\/index.php?rest_route=\/wp\/v2\/pages\/5313\/revisions\/6149"}],"wp:attachment":[{"href":"http:\/\/artsmartiauxcompiegnois.fr\/index.php?rest_route=%2Fwp%2Fv2%2Fmedia&parent=5313"}],"curies":[{"name":"wp","href":"https:\/\/api.w.org\/{rel}","templated":true}]}}