{"id":614,"date":"2014-11-06T18:45:27","date_gmt":"2014-11-06T16:45:27","guid":{"rendered":"http:\/\/artsmartiauxcompiegnois.fr\/?page_id=614"},"modified":"2021-09-25T13:39:34","modified_gmt":"2021-09-25T11:39:34","slug":"accueil","status":"publish","type":"page","link":"http:\/\/artsmartiauxcompiegnois.fr\/?page_id=614","title":{"rendered":"ACCUEIL"},"content":{"rendered":"<div class=\"form\">\n<p style=\"text-align: center;\">Le <strong>Mixed Martial Arts<\/strong> appel\u00e9 <strong>MMA<\/strong>, est un sport de combat complet associant des techniques de frappe, de lutte au corps \u00e0 corps et de soumission, dans lequel les combattants utilisent de nombreuses combinaisons sp\u00e9cifiques. En comp\u00e9tition, un r\u00e8glement est pr\u00e9cis\u00e9 avant chaque repr\u00e9sentation par les promoteurs qui autorisent des techniques de percussion telles que coups de pied, de poing, de genou, de coude, des techniques de projection, de soumission et certaines techniques de percussions au sol.<\/p>\n<p style=\"text-align: center;\"><img loading=\"lazy\" class=\" wp-image-9361 alignleft\" src=\"http:\/\/artsmartiauxcompiegnois.fr\/wp-content\/uploads\/2019\/12\/IMG_6102-1-1024x633.jpg\" alt=\"\" width=\"390\" height=\"241\" srcset=\"http:\/\/artsmartiauxcompiegnois.fr\/wp-content\/uploads\/2019\/12\/IMG_6102-1-1024x633.jpg 1024w, http:\/\/artsmartiauxcompiegnois.fr\/wp-content\/uploads\/2019\/12\/IMG_6102-1-300x185.jpg 300w, http:\/\/artsmartiauxcompiegnois.fr\/wp-content\/uploads\/2019\/12\/IMG_6102-1-768x475.jpg 768w, http:\/\/artsmartiauxcompiegnois.fr\/wp-content\/uploads\/2019\/12\/IMG_6102-1-178x110.jpg 178w\" sizes=\"(max-width: 390px) 100vw, 390px\" \/><\/p>\n<div class=\"form\">\n<p style=\"text-align: left;\">Nous savons que le <strong>MMA<\/strong> est en pleine expansion m\u00e9diatique, d\u2019ailleurs les audiences t\u00e9l\u00e9vis\u00e9es le prouvent avec des organisations m\u00e9diatis\u00e9es, comme l&rsquo;UFC et le BELLATOR.<\/p>\n<p style=\"text-align: left;\">Il est facile de constater, que le Mixed Martial Arts est devenu plus populaire que d\u2019autres disciplines de la famille des sports de combat, comme le Judo, le Karat\u00e9, le Kick-Boxing, le Taekwondo, la Boxe Tha\u00eflandaise ou m\u00eame la Boxe Anglaise.<\/p>\n<div class=\"form\">\n<p style=\"text-align: center;\">Le <strong>Mixed Martial Arts<\/strong>, litt\u00e9ralement traduit de l&rsquo;anglais en \u00ab\u00a0<strong>Arts Martiaux Mix\u00e9s\u00a0\u00bb<\/strong><\/p>\n<p style=\"text-align: right;\"><img loading=\"lazy\" class=\"wp-image-9348 alignright\" src=\"http:\/\/artsmartiauxcompiegnois.fr\/wp-content\/uploads\/2019\/12\/IMG_6077-1-633x1024.jpg\" alt=\"\" width=\"376\" height=\"609\" srcset=\"http:\/\/artsmartiauxcompiegnois.fr\/wp-content\/uploads\/2019\/12\/IMG_6077-1-633x1024.jpg 633w, http:\/\/artsmartiauxcompiegnois.fr\/wp-content\/uploads\/2019\/12\/IMG_6077-1-185x300.jpg 185w, http:\/\/artsmartiauxcompiegnois.fr\/wp-content\/uploads\/2019\/12\/IMG_6077-1-768x1243.jpg 768w, http:\/\/artsmartiauxcompiegnois.fr\/wp-content\/uploads\/2019\/12\/IMG_6077-1-110x178.jpg 110w\" sizes=\"(max-width: 376px) 100vw, 376px\" \/><\/p>\n<p>&nbsp;<\/p>\n<p style=\"text-align: right;\"><span style=\"text-align: justify;\">Cette terminologie d\u00e9signait des rencontres interdisciplinaires qui n\u2019\u00e9taient possibles que lors de combat libre (exemple : un boxeur affrontant un lutteur). Ce terme prend tout son sens, depuis que les combattants ont compris l&rsquo;importance de s&rsquo;entra\u00eener dans les 5 disciplines qui permettent l\u2019am\u00e9lioration du combattant dans certaines phases de combat.<\/span><\/p>\n<p style=\"text-align: right;\">Aujourd&rsquo;hui cette discipline est pleinement int\u00e9gr\u00e9e par les F\u00e9d\u00e9rations Fran\u00e7aises.<\/p>\n<p style=\"text-align: center;\"><strong>Cette r\u00e9cente discipline issue de la famille des sports de combat a pour origine des sports, tels que :<\/strong><\/p>\n<p style=\"text-align: center;\"><strong>le Ju Jitsu Br\u00e9silien,<\/strong><\/p>\n<p style=\"text-align: center;\"><strong>la Boxe Tha\u00eflandaise,<\/strong><\/p>\n<p style=\"text-align: center;\"><strong><span style=\"text-align: center;\">la Boxe Anglaise,<\/span><\/strong><\/p>\n<p style=\"text-align: center;\"><strong>le Judo,<\/strong><\/p>\n<p style=\"text-align: center;\"><strong>la Lutte.<\/strong><\/p>\n<p>&nbsp;<\/p>\n<p>&nbsp;<\/p>\n<p>&nbsp;<\/p>\n<p style=\"text-align: center;\">Le club organise r\u00e9guli\u00e8rement un ou deux stage dans l&rsquo;ann\u00e9e avec des grands nom du MMA.<\/p>\n<p style=\"text-align: center;\">Le club dispose d&rsquo;une cage MMA, qui a \u00e9t\u00e9 inaugur\u00e9e par <strong>le champion du monde Vincent PARISI.<\/strong><\/p>\n<p>&nbsp;<\/p>\n<p><a href=\"http:\/\/artsmartiauxcompiegnois.fr\/wp-content\/uploads\/2010\/03\/20141001_1919561.jpg\"><img loading=\"lazy\" class=\"alignnone wp-image-631\" src=\"http:\/\/artsmartiauxcompiegnois.fr\/wp-content\/uploads\/2010\/03\/20141001_1919561.jpg\" alt=\"20141001_191956\" width=\"356\" height=\"200\" srcset=\"http:\/\/artsmartiauxcompiegnois.fr\/wp-content\/uploads\/2010\/03\/20141001_1919561.jpg 3264w, http:\/\/artsmartiauxcompiegnois.fr\/wp-content\/uploads\/2010\/03\/20141001_1919561-300x168.jpg 300w, http:\/\/artsmartiauxcompiegnois.fr\/wp-content\/uploads\/2010\/03\/20141001_1919561-1024x576.jpg 1024w, http:\/\/artsmartiauxcompiegnois.fr\/wp-content\/uploads\/2010\/03\/20141001_1919561-178x100.jpg 178w\" sizes=\"(max-width: 356px) 100vw, 356px\" \/><\/a> <a href=\"http:\/\/artsmartiauxcompiegnois.fr\/wp-content\/uploads\/2014\/11\/DSC02821.jpg\"><img loading=\"lazy\" class=\"wp-image-745 alignright\" src=\"http:\/\/artsmartiauxcompiegnois.fr\/wp-content\/uploads\/2014\/11\/DSC02821.jpg\" alt=\"DSC02821\" width=\"268\" height=\"201\" srcset=\"http:\/\/artsmartiauxcompiegnois.fr\/wp-content\/uploads\/2014\/11\/DSC02821.jpg 2592w, http:\/\/artsmartiauxcompiegnois.fr\/wp-content\/uploads\/2014\/11\/DSC02821-300x225.jpg 300w, http:\/\/artsmartiauxcompiegnois.fr\/wp-content\/uploads\/2014\/11\/DSC02821-1024x768.jpg 1024w, http:\/\/artsmartiauxcompiegnois.fr\/wp-content\/uploads\/2014\/11\/DSC02821-178x133.jpg 178w\" sizes=\"(max-width: 268px) 100vw, 268px\" \/><\/a><\/p>\n<p>&nbsp;<\/p>\n<div id=\"metaslider-id-3556\" style=\"width: 100%; margin: 0 auto;\" class=\"ml-slider-3-27-6 metaslider metaslider-flex metaslider-3556 ml-slider nav-hidden\">\n    <div id=\"metaslider_container_3556\">\n        <div id=\"metaslider_3556\" class=\"flexslider\">\n            <ul aria-live=\"polite\" class=\"slides\">\n                <li style=\"display: block; width: 100%;\" class=\"slide-3411 ms-image\"><img src=\"http:\/\/artsmartiauxcompiegnois.fr\/wp-content\/uploads\/2016\/06\/13346360_906212626157245_3699338145150882392_o-900x500.jpg\" height=\"500\" width=\"900\" alt=\"\" class=\"slider-3556 slide-3411\" \/><\/li>\n                <li style=\"display: none; width: 100%;\" class=\"slide-3342 ms-image\"><img src=\"http:\/\/artsmartiauxcompiegnois.fr\/wp-content\/uploads\/2016\/05\/IMG_8502-900x500.jpg\" height=\"500\" width=\"900\" alt=\"\" class=\"slider-3556 slide-3342\" \/><\/li>\n                <li style=\"display: none; width: 100%;\" class=\"slide-3327 ms-image\"><img src=\"http:\/\/artsmartiauxcompiegnois.fr\/wp-content\/uploads\/2016\/05\/13329494_1557594784537512_1493593165252196919_o-900x500.jpg\" height=\"500\" width=\"900\" alt=\"\" class=\"slider-3556 slide-3327\" \/><\/li>\n                <li style=\"display: none; width: 100%;\" class=\"slide-3345 ms-image\"><img src=\"http:\/\/artsmartiauxcompiegnois.fr\/wp-content\/uploads\/2016\/05\/IMG_8472-900x500.jpg\" height=\"500\" width=\"900\" alt=\"\" class=\"slider-3556 slide-3345\" \/><\/li>\n                <li style=\"display: none; width: 100%;\" class=\"slide-3425 ms-image\"><img src=\"http:\/\/artsmartiauxcompiegnois.fr\/wp-content\/uploads\/2016\/06\/13391609_906211022824072_3874348903262367801_o-900x500.jpg\" height=\"500\" width=\"900\" alt=\"\" class=\"slider-3556 slide-3425\" \/><\/li>\n                <li style=\"display: none; width: 100%;\" class=\"slide-3339 ms-image\"><img src=\"http:\/\/artsmartiauxcompiegnois.fr\/wp-content\/uploads\/2016\/05\/IMG_8530-900x500.jpg\" height=\"500\" width=\"900\" alt=\"\" class=\"slider-3556 slide-3339\" \/><\/li>\n                <li style=\"display: none; width: 100%;\" class=\"slide-3434 ms-image\"><img src=\"http:\/\/artsmartiauxcompiegnois.fr\/wp-content\/uploads\/2016\/06\/13403272_906212572823917_5815568208574881170_o-1-900x500.jpg\" height=\"500\" width=\"900\" alt=\"\" class=\"slider-3556 slide-3434\" \/><\/li>\n                <li style=\"display: none; width: 100%;\" class=\"slide-3429 ms-image\"><img src=\"http:\/\/artsmartiauxcompiegnois.fr\/wp-content\/uploads\/2016\/06\/13392185_906212549490586_8094769545265056760_o-900x500.jpg\" height=\"500\" width=\"900\" alt=\"\" class=\"slider-3556 slide-3429\" \/><\/li>\n                <li style=\"display: none; width: 100%;\" class=\"slide-3348 ms-image\"><img src=\"http:\/\/artsmartiauxcompiegnois.fr\/wp-content\/uploads\/2016\/05\/IMG_8391-900x500.jpg\" height=\"500\" width=\"900\" alt=\"\" class=\"slider-3556 slide-3348\" \/><\/li>\n            <\/ul>\n        <\/div>\n        \n    <\/div>\n<\/div>\n<p>&nbsp;<\/p>\n<p style=\"text-align: center;\"><em><strong>\u00a0Reportage Thierry Rameau SOKOUDJOU, Combattant <\/strong><\/em><strong>BELLATOR<\/strong><\/p>\n<p style=\"text-align: center;\">Stage aux AMC le 28 mai 2016<\/p>\n<\/div>\n<p>&nbsp;<\/p>\n<p><iframe loading=\"lazy\" src=\"https:\/\/www.youtube.com\/embed\/kDj6zU_J3eM\" width=\"560\" height=\"315\" frameborder=\"0\" allowfullscreen=\"allowfullscreen\"><\/iframe><\/p>\n<p style=\"text-align: center;\"><strong><em>Combat<\/em> BELLATOR<\/strong>\u00a0<em><strong>Thierry Rameau SOKOUDJOU<\/strong><\/em><\/p>\n<p><iframe loading=\"lazy\" src=\"https:\/\/www.youtube.com\/embed\/UGBjbOlIFZ8\" width=\"560\" height=\"315\" frameborder=\"0\" allowfullscreen=\"allowfullscreen\"><\/iframe><\/p>\n<\/div>\n<\/div>\n","protected":false},"excerpt":{"rendered":"<p>Le Mixed Martial Arts appel\u00e9 MMA, est un sport de combat complet associant des techniques de frappe, de lutte au corps \u00e0 corps et de soumission, dans lequel les combattants utilisent de nombreuses combinaisons sp\u00e9cifiques. En comp\u00e9tition, un r\u00e8glement est pr\u00e9cis\u00e9 avant chaque repr\u00e9sentation par les promoteurs qui autorisent des techniques de percussion telles que [&hellip;]<\/p>\n","protected":false},"author":1,"featured_media":0,"parent":612,"menu_order":18,"comment_status":"open","ping_status":"open","template":"","meta":[],"_links":{"self":[{"href":"http:\/\/artsmartiauxcompiegnois.fr\/index.php?rest_route=\/wp\/v2\/pages\/614"}],"collection":[{"href":"http:\/\/artsmartiauxcompiegnois.fr\/index.php?rest_route=\/wp\/v2\/pages"}],"about":[{"href":"http:\/\/artsmartiauxcompiegnois.fr\/index.php?rest_route=\/wp\/v2\/types\/page"}],"author":[{"embeddable":true,"href":"http:\/\/artsmartiauxcompiegnois.fr\/index.php?rest_route=\/wp\/v2\/users\/1"}],"replies":[{"embeddable":true,"href":"http:\/\/artsmartiauxcompiegnois.fr\/index.php?rest_route=%2Fwp%2Fv2%2Fcomments&post=614"}],"version-history":[{"count":18,"href":"http:\/\/artsmartiauxcompiegnois.fr\/index.php?rest_route=\/wp\/v2\/pages\/614\/revisions"}],"predecessor-version":[{"id":10923,"href":"http:\/\/artsmartiauxcompiegnois.fr\/index.php?rest_route=\/wp\/v2\/pages\/614\/revisions\/10923"}],"up":[{"embeddable":true,"href":"http:\/\/artsmartiauxcompiegnois.fr\/index.php?rest_route=\/wp\/v2\/pages\/612"}],"wp:attachment":[{"href":"http:\/\/artsmartiauxcompiegnois.fr\/index.php?rest_route=%2Fwp%2Fv2%2Fmedia&parent=614"}],"curies":[{"name":"wp","href":"https:\/\/api.w.org\/{rel}","templated":true}]}}