{"id":559,"date":"2014-10-24T21:48:48","date_gmt":"2014-10-24T19:48:48","guid":{"rendered":"http:\/\/artsmartiauxcompiegnois.fr\/?page_id=559"},"modified":"2025-08-28T15:32:57","modified_gmt":"2025-08-28T13:32:57","slug":"horaires-krav","status":"publish","type":"page","link":"https:\/\/artsmartiauxcompiegnois.fr\/?page_id=559","title":{"rendered":"Horaires"},"content":{"rendered":"<h1 style=\"text-align: center;\"><span style=\"color: #ff0000;\">Les s\u00e9ances de KRAV-MAGA et Karat\u00e9 D\u00e9fense Training <\/span><\/h1>\n<h1 style=\"text-align: center;\"><span style=\"color: #ff0000;\">se d\u00e9roulent<\/span><\/h1>\n<table style=\"height: 63px;\" width=\"1045\">\n<tbody>\n<tr>\n<td width=\"162\">\n<p style=\"text-align: center;\">Ados et Adultes\u00a0:<\/p>\n<\/td>\n<td style=\"text-align: center;\" width=\"150\">mardi et jeudi :<\/td>\n<td width=\"120\">\n<p style=\"text-align: center;\">19H00 \u2013 20H00<\/p>\n<\/td>\n<\/tr>\n<\/tbody>\n<\/table>\n<p>&nbsp;<\/p>\n<p>&nbsp;<\/p>\n<p>&nbsp;<\/p>\n","protected":false},"excerpt":{"rendered":"<p>Les s\u00e9ances de KRAV-MAGA et Karat\u00e9 D\u00e9fense Training se d\u00e9roulent Ados et Adultes\u00a0: mardi et jeudi : 19H00 \u2013 20H00 &nbsp; &nbsp; &nbsp;<\/p>\n","protected":false},"author":1,"featured_media":0,"parent":528,"menu_order":6,"comment_status":"closed","ping_status":"closed","template":"","meta":[],"_links":{"self":[{"href":"https:\/\/artsmartiauxcompiegnois.fr\/index.php?rest_route=\/wp\/v2\/pages\/559"}],"collection":[{"href":"https:\/\/artsmartiauxcompiegnois.fr\/index.php?rest_route=\/wp\/v2\/pages"}],"about":[{"href":"https:\/\/artsmartiauxcompiegnois.fr\/index.php?rest_route=\/wp\/v2\/types\/page"}],"author":[{"embeddable":true,"href":"https:\/\/artsmartiauxcompiegnois.fr\/index.php?rest_route=\/wp\/v2\/users\/1"}],"replies":[{"embeddable":true,"href":"https:\/\/artsmartiauxcompiegnois.fr\/index.php?rest_route=%2Fwp%2Fv2%2Fcomments&post=559"}],"version-history":[{"count":12,"href":"https:\/\/artsmartiauxcompiegnois.fr\/index.php?rest_route=\/wp\/v2\/pages\/559\/revisions"}],"predecessor-version":[{"id":12866,"href":"https:\/\/artsmartiauxcompiegnois.fr\/index.php?rest_route=\/wp\/v2\/pages\/559\/revisions\/12866"}],"up":[{"embeddable":true,"href":"https:\/\/artsmartiauxcompiegnois.fr\/index.php?rest_route=\/wp\/v2\/pages\/528"}],"wp:attachment":[{"href":"https:\/\/artsmartiauxcompiegnois.fr\/index.php?rest_route=%2Fwp%2Fv2%2Fmedia&parent=559"}],"curies":[{"name":"wp","href":"https:\/\/api.w.org\/{rel}","templated":true}]}}