{"id":8,"date":"2010-02-26T15:26:29","date_gmt":"2010-02-26T13:26:29","guid":{"rendered":"http:\/\/localhost\/judo\/?p=8"},"modified":"2018-10-09T12:37:22","modified_gmt":"2018-10-09T10:37:22","slug":"accueil-karate","status":"publish","type":"page","link":"https:\/\/artsmartiauxcompiegnois.fr\/?page_id=8","title":{"rendered":"Accueil"},"content":{"rendered":"<p>Le karat\u00e9 (\u7a7a\u624b\u9053) est dit \u00eatre un art martial japonais. Cependant, l&rsquo;origine est okinawa\u00efenne (l&rsquo;\u00eele principale de l&rsquo;archipel des Ry\u016bky\u016b), qui a longtemps constitu\u00e9 un royaume ind\u00e9pendant du Japon, au sud de l&rsquo;\u00eele de Ky\u016bsh\u016b. En japonais, le kanji \u00ab kara \u00bb signifie le vide, et plus pr\u00e9cis\u00e9ment la vacuit\u00e9 au sens bouddhique du terme, \u00ab te \u00bb est la technique et, par extension, la main avec laquelle on la r\u00e9alise. On traduit donc karat\u00e9 litt\u00e9ralement par \u00ab la main vide \u00bb. On pourrait aussi dire, et penser, \u00ab \u00e0 main nue \u00bb. Cependant, \u00e0 l&rsquo;origine, karat\u00e9 \u00e9tait \u00e9crit avec les kanjis \u5510\u624b, qui signifient \u00ab boxe chinoise \u00bb (\u00ab T\u014d-De \u00bb, \u00ab la main de Chine \u00bb).<\/p>\n<p>En 1935, \u00e0 cause de la mont\u00e9e du nationalisme japonais, et aussi surtout \u00e0 cause de l&rsquo;antagonisme sino-japonais, et pour faciliter la reconnaissance et la diffusion du karat\u00e9, Gichin Funakoshi a remplac\u00e9 ces kanjis par l&rsquo;orthographe actuelle, pour \u00ab gommer \u00bb l&rsquo;origine chinoise, sacrifiant ainsi \u00e0 l&rsquo;usage japonais du moment.<\/p>\n<p style=\"text-align:center;\">Le style de karat\u00e9 pratiqu\u00e9 aux AMC est le shotokan: c&rsquo;est le plus r\u00e9pandu en France.<\/p>\n","protected":false},"excerpt":{"rendered":"<p>Le karat\u00e9 (\u7a7a\u624b\u9053) est dit \u00eatre un art martial japonais. Cependant, l&rsquo;origine est okinawa\u00efenne (l&rsquo;\u00eele principale de l&rsquo;archipel des Ry\u016bky\u016b), qui a longtemps constitu\u00e9 un royaume ind\u00e9pendant du Japon, au sud de l&rsquo;\u00eele de Ky\u016bsh\u016b. En japonais, le kanji \u00ab kara \u00bb signifie le vide, et plus pr\u00e9cis\u00e9ment la vacuit\u00e9 au sens bouddhique du terme, [&hellip;]<\/p>\n","protected":false},"author":1,"featured_media":0,"parent":392,"menu_order":3,"comment_status":"open","ping_status":"open","template":"","meta":[],"_links":{"self":[{"href":"https:\/\/artsmartiauxcompiegnois.fr\/index.php?rest_route=\/wp\/v2\/pages\/8"}],"collection":[{"href":"https:\/\/artsmartiauxcompiegnois.fr\/index.php?rest_route=\/wp\/v2\/pages"}],"about":[{"href":"https:\/\/artsmartiauxcompiegnois.fr\/index.php?rest_route=\/wp\/v2\/types\/page"}],"author":[{"embeddable":true,"href":"https:\/\/artsmartiauxcompiegnois.fr\/index.php?rest_route=\/wp\/v2\/users\/1"}],"replies":[{"embeddable":true,"href":"https:\/\/artsmartiauxcompiegnois.fr\/index.php?rest_route=%2Fwp%2Fv2%2Fcomments&post=8"}],"version-history":[{"count":11,"href":"https:\/\/artsmartiauxcompiegnois.fr\/index.php?rest_route=\/wp\/v2\/pages\/8\/revisions"}],"predecessor-version":[{"id":6692,"href":"https:\/\/artsmartiauxcompiegnois.fr\/index.php?rest_route=\/wp\/v2\/pages\/8\/revisions\/6692"}],"up":[{"embeddable":true,"href":"https:\/\/artsmartiauxcompiegnois.fr\/index.php?rest_route=\/wp\/v2\/pages\/392"}],"wp:attachment":[{"href":"https:\/\/artsmartiauxcompiegnois.fr\/index.php?rest_route=%2Fwp%2Fv2%2Fmedia&parent=8"}],"curies":[{"name":"wp","href":"https:\/\/api.w.org\/{rel}","templated":true}]}}